{"id":2729,"date":"2026-03-31T20:06:58","date_gmt":"2026-03-31T20:06:58","guid":{"rendered":"https:\/\/lakazmama.fr\/?product=tamarin"},"modified":"2026-04-15T17:56:23","modified_gmt":"2026-04-15T17:56:23","slug":"tamarin","status":"publish","type":"product","link":"https:\/\/lakazmama.fr\/?product=tamarin","title":{"rendered":"Tamarin"},"content":{"rendered":"<p>Tamarin intense et parfum\u00e9, \u00e0 la saveur sucr\u00e9e-acidul\u00e9e unique, parfait pour une pause fruit\u00e9e, exotique, tonique, rafra\u00eechissante et pleine de peps \u00e0 savourer en toute occasion.<\/p>\n","protected":false},"excerpt":{"rendered":"<p>Tamarin intense et parfum\u00e9, \u00e0 la saveur sucr\u00e9e-acidul\u00e9e unique, parfait pour une pause fruit\u00e9e, exotique, tonique, rafra\u00eechissante et pleine de peps \u00e0 savourer en toute occasion.<\/p>\n","protected":false},"featured_media":2788,"comment_status":"open","ping_status":"closed","template":"","meta":[],"product_brand":[],"product_cat":[67],"product_tag":[],"class_list":{"0":"post-2729","1":"product","2":"type-product","3":"status-publish","4":"has-post-thumbnail","6":"product_cat-lm-fruits","8":"first","9":"instock","10":"sale","11":"shipping-taxable","12":"purchasable","13":"product-type-simple"},"_links":{"self":[{"href":"https:\/\/lakazmama.fr\/index.php?rest_route=\/wp\/v2\/product\/2729","targetHints":{"allow":["GET"]}}],"collection":[{"href":"https:\/\/lakazmama.fr\/index.php?rest_route=\/wp\/v2\/product"}],"about":[{"href":"https:\/\/lakazmama.fr\/index.php?rest_route=\/wp\/v2\/types\/product"}],"replies":[{"embeddable":true,"href":"https:\/\/lakazmama.fr\/index.php?rest_route=%2Fwp%2Fv2%2Fcomments&post=2729"}],"wp:featuredmedia":[{"embeddable":true,"href":"https:\/\/lakazmama.fr\/index.php?rest_route=\/wp\/v2\/media\/2788"}],"wp:attachment":[{"href":"https:\/\/lakazmama.fr\/index.php?rest_route=%2Fwp%2Fv2%2Fmedia&parent=2729"}],"wp:term":[{"taxonomy":"product_brand","embeddable":true,"href":"https:\/\/lakazmama.fr\/index.php?rest_route=%2Fwp%2Fv2%2Fproduct_brand&post=2729"},{"taxonomy":"product_cat","embeddable":true,"href":"https:\/\/lakazmama.fr\/index.php?rest_route=%2Fwp%2Fv2%2Fproduct_cat&post=2729"},{"taxonomy":"product_tag","embeddable":true,"href":"https:\/\/lakazmama.fr\/index.php?rest_route=%2Fwp%2Fv2%2Fproduct_tag&post=2729"}],"curies":[{"name":"wp","href":"https:\/\/api.w.org\/{rel}","templated":true}]}}