{"id":2728,"date":"2026-03-31T20:06:57","date_gmt":"2026-03-31T20:06:57","guid":{"rendered":"https:\/\/lakazmama.fr\/?product=jackfruit-jacquier"},"modified":"2026-04-15T17:56:23","modified_gmt":"2026-04-15T17:56:23","slug":"jackfruit-jacquier","status":"publish","type":"product","link":"https:\/\/lakazmama.fr\/?product=jackfruit-jacquier","title":{"rendered":"Jackfruit (Jacquier)"},"content":{"rendered":"<p>Jackfruit (Jacquier) charnu et surprenant, \u00e0 la texture fondante et au go\u00fbt d\u00e9licatement sucr\u00e9, id\u00e9al pour une pause exotique, consistante, gourmande, vitamin\u00e9e et pleine de caract\u00e8re \u00e0 partager.<\/p>\n","protected":false},"excerpt":{"rendered":"<p>Jackfruit (Jacquier) charnu et surprenant, \u00e0 la texture fondante et au go\u00fbt d\u00e9licatement sucr\u00e9, id\u00e9al pour une pause exotique, consistante, gourmande, vitamin\u00e9e et pleine de caract\u00e8re \u00e0 partager.<\/p>\n","protected":false},"featured_media":2797,"comment_status":"open","ping_status":"closed","template":"","meta":[],"product_brand":[],"product_cat":[67],"product_tag":[],"class_list":{"0":"post-2728","1":"product","2":"type-product","3":"status-publish","4":"has-post-thumbnail","6":"product_cat-lm-fruits","8":"first","9":"instock","10":"sale","11":"shipping-taxable","12":"purchasable","13":"product-type-simple"},"_links":{"self":[{"href":"https:\/\/lakazmama.fr\/index.php?rest_route=\/wp\/v2\/product\/2728","targetHints":{"allow":["GET"]}}],"collection":[{"href":"https:\/\/lakazmama.fr\/index.php?rest_route=\/wp\/v2\/product"}],"about":[{"href":"https:\/\/lakazmama.fr\/index.php?rest_route=\/wp\/v2\/types\/product"}],"replies":[{"embeddable":true,"href":"https:\/\/lakazmama.fr\/index.php?rest_route=%2Fwp%2Fv2%2Fcomments&post=2728"}],"wp:featuredmedia":[{"embeddable":true,"href":"https:\/\/lakazmama.fr\/index.php?rest_route=\/wp\/v2\/media\/2797"}],"wp:attachment":[{"href":"https:\/\/lakazmama.fr\/index.php?rest_route=%2Fwp%2Fv2%2Fmedia&parent=2728"}],"wp:term":[{"taxonomy":"product_brand","embeddable":true,"href":"https:\/\/lakazmama.fr\/index.php?rest_route=%2Fwp%2Fv2%2Fproduct_brand&post=2728"},{"taxonomy":"product_cat","embeddable":true,"href":"https:\/\/lakazmama.fr\/index.php?rest_route=%2Fwp%2Fv2%2Fproduct_cat&post=2728"},{"taxonomy":"product_tag","embeddable":true,"href":"https:\/\/lakazmama.fr\/index.php?rest_route=%2Fwp%2Fv2%2Fproduct_tag&post=2728"}],"curies":[{"name":"wp","href":"https:\/\/api.w.org\/{rel}","templated":true}]}}