{"id":2727,"date":"2026-03-31T20:06:57","date_gmt":"2026-03-31T20:06:57","guid":{"rendered":"https:\/\/lakazmama.fr\/?product=corossol"},"modified":"2026-04-15T17:56:23","modified_gmt":"2026-04-15T17:56:23","slug":"corossol","status":"publish","type":"product","link":"https:\/\/lakazmama.fr\/?product=corossol","title":{"rendered":"Corossol"},"content":{"rendered":"<p>Corossol cr\u00e9meux et g\u00e9n\u00e9reux, \u00e0 la pulpe douce et parfum\u00e9e, parfait pour une pause exotique, originale, rafra\u00eechissante, gourmande et riche en saveurs tropicales \u00e0 savourer lentement.<\/p>\n","protected":false},"excerpt":{"rendered":"<p>Corossol cr\u00e9meux et g\u00e9n\u00e9reux, \u00e0 la pulpe douce et parfum\u00e9e, parfait pour une pause exotique, originale, rafra\u00eechissante, gourmande et riche en saveurs tropicales \u00e0 savourer lentement.<\/p>\n","protected":false},"featured_media":2801,"comment_status":"open","ping_status":"closed","template":"","meta":[],"product_brand":[],"product_cat":[67],"product_tag":[],"class_list":{"0":"post-2727","1":"product","2":"type-product","3":"status-publish","4":"has-post-thumbnail","6":"product_cat-lm-fruits","8":"first","9":"instock","10":"sale","11":"shipping-taxable","12":"purchasable","13":"product-type-simple"},"_links":{"self":[{"href":"https:\/\/lakazmama.fr\/index.php?rest_route=\/wp\/v2\/product\/2727","targetHints":{"allow":["GET"]}}],"collection":[{"href":"https:\/\/lakazmama.fr\/index.php?rest_route=\/wp\/v2\/product"}],"about":[{"href":"https:\/\/lakazmama.fr\/index.php?rest_route=\/wp\/v2\/types\/product"}],"replies":[{"embeddable":true,"href":"https:\/\/lakazmama.fr\/index.php?rest_route=%2Fwp%2Fv2%2Fcomments&post=2727"}],"wp:featuredmedia":[{"embeddable":true,"href":"https:\/\/lakazmama.fr\/index.php?rest_route=\/wp\/v2\/media\/2801"}],"wp:attachment":[{"href":"https:\/\/lakazmama.fr\/index.php?rest_route=%2Fwp%2Fv2%2Fmedia&parent=2727"}],"wp:term":[{"taxonomy":"product_brand","embeddable":true,"href":"https:\/\/lakazmama.fr\/index.php?rest_route=%2Fwp%2Fv2%2Fproduct_brand&post=2727"},{"taxonomy":"product_cat","embeddable":true,"href":"https:\/\/lakazmama.fr\/index.php?rest_route=%2Fwp%2Fv2%2Fproduct_cat&post=2727"},{"taxonomy":"product_tag","embeddable":true,"href":"https:\/\/lakazmama.fr\/index.php?rest_route=%2Fwp%2Fv2%2Fproduct_tag&post=2727"}],"curies":[{"name":"wp","href":"https:\/\/api.w.org\/{rel}","templated":true}]}}