{"id":2725,"date":"2026-03-31T20:06:56","date_gmt":"2026-03-31T20:06:56","guid":{"rendered":"https:\/\/lakazmama.fr\/?product=papaye"},"modified":"2026-04-15T17:56:22","modified_gmt":"2026-04-15T17:56:22","slug":"papaye","status":"publish","type":"product","link":"https:\/\/lakazmama.fr\/?product=papaye","title":{"rendered":"Papaye"},"content":{"rendered":"<p>Papaye tendre et parfum\u00e9e, \u00e0 la chair douce et orang\u00e9e, parfaite pour une pause exotique, gourmande, rafra\u00eechissante, vitamin\u00e9e et naturellement savoureuse \u00e0 d\u00e9guster \u00e0 tout moment.<\/p>\n","protected":false},"excerpt":{"rendered":"<p>Papaye tendre et parfum\u00e9e, \u00e0 la chair douce et orang\u00e9e, parfaite pour une pause exotique, gourmande, rafra\u00eechissante, vitamin\u00e9e et naturellement savoureuse \u00e0 d\u00e9guster \u00e0 tout moment.<\/p>\n","protected":false},"featured_media":2799,"comment_status":"open","ping_status":"closed","template":"","meta":[],"product_brand":[],"product_cat":[67],"product_tag":[],"class_list":{"0":"post-2725","1":"product","2":"type-product","3":"status-publish","4":"has-post-thumbnail","6":"product_cat-lm-fruits","8":"first","9":"instock","10":"sale","11":"shipping-taxable","12":"purchasable","13":"product-type-simple"},"_links":{"self":[{"href":"https:\/\/lakazmama.fr\/index.php?rest_route=\/wp\/v2\/product\/2725","targetHints":{"allow":["GET"]}}],"collection":[{"href":"https:\/\/lakazmama.fr\/index.php?rest_route=\/wp\/v2\/product"}],"about":[{"href":"https:\/\/lakazmama.fr\/index.php?rest_route=\/wp\/v2\/types\/product"}],"replies":[{"embeddable":true,"href":"https:\/\/lakazmama.fr\/index.php?rest_route=%2Fwp%2Fv2%2Fcomments&post=2725"}],"wp:featuredmedia":[{"embeddable":true,"href":"https:\/\/lakazmama.fr\/index.php?rest_route=\/wp\/v2\/media\/2799"}],"wp:attachment":[{"href":"https:\/\/lakazmama.fr\/index.php?rest_route=%2Fwp%2Fv2%2Fmedia&parent=2725"}],"wp:term":[{"taxonomy":"product_brand","embeddable":true,"href":"https:\/\/lakazmama.fr\/index.php?rest_route=%2Fwp%2Fv2%2Fproduct_brand&post=2725"},{"taxonomy":"product_cat","embeddable":true,"href":"https:\/\/lakazmama.fr\/index.php?rest_route=%2Fwp%2Fv2%2Fproduct_cat&post=2725"},{"taxonomy":"product_tag","embeddable":true,"href":"https:\/\/lakazmama.fr\/index.php?rest_route=%2Fwp%2Fv2%2Fproduct_tag&post=2725"}],"curies":[{"name":"wp","href":"https:\/\/api.w.org\/{rel}","templated":true}]}}