{"id":2724,"date":"2026-03-31T20:06:55","date_gmt":"2026-03-31T20:06:55","guid":{"rendered":"https:\/\/lakazmama.fr\/?post_type=product&#038;p=2724"},"modified":"2026-04-15T18:04:17","modified_gmt":"2026-04-15T18:04:17","slug":"baja-bajia","status":"publish","type":"product","link":"https:\/\/lakazmama.fr\/?product=baja-bajia","title":{"rendered":"Baja \/ Bajia"},"content":{"rendered":"<p>Baja croustillant et parfum\u00e9, friture mauricienne embl\u00e9matique \u00e0 base de l\u00e9gumes et d&#8217;\u00e9pices, parfaite pour un snack g\u00e9n\u00e9reux, populaire et plein de go\u00fbt.<\/p>\n","protected":false},"excerpt":{"rendered":"<p>Baja croustillant et parfum\u00e9, friture mauricienne embl\u00e9matique \u00e0 base de l\u00e9gumes et d&#8217;\u00e9pices, parfaite pour un snack g\u00e9n\u00e9reux, populaire et plein de go\u00fbt.<\/p>\n","protected":false},"featured_media":2803,"comment_status":"open","ping_status":"closed","template":"templates\/fullwidth.php","meta":[],"product_brand":[],"product_cat":[68],"product_tag":[],"class_list":{"0":"post-2724","1":"product","2":"type-product","3":"status-publish","4":"has-post-thumbnail","6":"product_cat-lm-gajak","8":"first","9":"instock","10":"sale","11":"shipping-taxable","12":"purchasable","13":"product-type-simple"},"_links":{"self":[{"href":"https:\/\/lakazmama.fr\/index.php?rest_route=\/wp\/v2\/product\/2724","targetHints":{"allow":["GET"]}}],"collection":[{"href":"https:\/\/lakazmama.fr\/index.php?rest_route=\/wp\/v2\/product"}],"about":[{"href":"https:\/\/lakazmama.fr\/index.php?rest_route=\/wp\/v2\/types\/product"}],"replies":[{"embeddable":true,"href":"https:\/\/lakazmama.fr\/index.php?rest_route=%2Fwp%2Fv2%2Fcomments&post=2724"}],"wp:featuredmedia":[{"embeddable":true,"href":"https:\/\/lakazmama.fr\/index.php?rest_route=\/wp\/v2\/media\/2803"}],"wp:attachment":[{"href":"https:\/\/lakazmama.fr\/index.php?rest_route=%2Fwp%2Fv2%2Fmedia&parent=2724"}],"wp:term":[{"taxonomy":"product_brand","embeddable":true,"href":"https:\/\/lakazmama.fr\/index.php?rest_route=%2Fwp%2Fv2%2Fproduct_brand&post=2724"},{"taxonomy":"product_cat","embeddable":true,"href":"https:\/\/lakazmama.fr\/index.php?rest_route=%2Fwp%2Fv2%2Fproduct_cat&post=2724"},{"taxonomy":"product_tag","embeddable":true,"href":"https:\/\/lakazmama.fr\/index.php?rest_route=%2Fwp%2Fv2%2Fproduct_tag&post=2724"}],"curies":[{"name":"wp","href":"https:\/\/api.w.org\/{rel}","templated":true}]}}