{"id":2723,"date":"2026-03-31T20:06:44","date_gmt":"2026-03-31T20:06:44","guid":{"rendered":"https:\/\/lakazmama.fr\/?post_type=product&#038;p=2723"},"modified":"2026-04-15T17:56:22","modified_gmt":"2026-04-15T17:56:22","slug":"samoussas-fromage","status":"publish","type":"product","link":"https:\/\/lakazmama.fr\/?product=samoussas-fromage","title":{"rendered":"Samoussas fromage"},"content":{"rendered":"<p>Samoussas fromage fondants et croustillants, au coeur cr\u00e9meux et gourmand, id\u00e9als pour une pause chaude, conviviale et irr\u00e9sistiblement savoureuse.<\/p>\n","protected":false},"excerpt":{"rendered":"<p>Samoussas fromage fondants et croustillants, au coeur cr\u00e9meux et gourmand, id\u00e9als pour une pause chaude, conviviale et irr\u00e9sistiblement savoureuse.<\/p>\n","protected":false},"featured_media":2796,"comment_status":"open","ping_status":"closed","template":"","meta":[],"product_brand":[],"product_cat":[68],"product_tag":[],"class_list":{"0":"post-2723","1":"product","2":"type-product","3":"status-publish","4":"has-post-thumbnail","6":"product_cat-lm-gajak","8":"first","9":"instock","10":"sale","11":"shipping-taxable","12":"purchasable","13":"product-type-simple"},"_links":{"self":[{"href":"https:\/\/lakazmama.fr\/index.php?rest_route=\/wp\/v2\/product\/2723","targetHints":{"allow":["GET"]}}],"collection":[{"href":"https:\/\/lakazmama.fr\/index.php?rest_route=\/wp\/v2\/product"}],"about":[{"href":"https:\/\/lakazmama.fr\/index.php?rest_route=\/wp\/v2\/types\/product"}],"replies":[{"embeddable":true,"href":"https:\/\/lakazmama.fr\/index.php?rest_route=%2Fwp%2Fv2%2Fcomments&post=2723"}],"wp:featuredmedia":[{"embeddable":true,"href":"https:\/\/lakazmama.fr\/index.php?rest_route=\/wp\/v2\/media\/2796"}],"wp:attachment":[{"href":"https:\/\/lakazmama.fr\/index.php?rest_route=%2Fwp%2Fv2%2Fmedia&parent=2723"}],"wp:term":[{"taxonomy":"product_brand","embeddable":true,"href":"https:\/\/lakazmama.fr\/index.php?rest_route=%2Fwp%2Fv2%2Fproduct_brand&post=2723"},{"taxonomy":"product_cat","embeddable":true,"href":"https:\/\/lakazmama.fr\/index.php?rest_route=%2Fwp%2Fv2%2Fproduct_cat&post=2723"},{"taxonomy":"product_tag","embeddable":true,"href":"https:\/\/lakazmama.fr\/index.php?rest_route=%2Fwp%2Fv2%2Fproduct_tag&post=2723"}],"curies":[{"name":"wp","href":"https:\/\/api.w.org\/{rel}","templated":true}]}}