{"id":2722,"date":"2026-03-31T20:06:43","date_gmt":"2026-03-31T20:06:43","guid":{"rendered":"https:\/\/lakazmama.fr\/?post_type=product&#038;p=2722"},"modified":"2026-04-15T17:56:22","modified_gmt":"2026-04-15T17:56:22","slug":"samoussas-agneau","status":"publish","type":"product","link":"https:\/\/lakazmama.fr\/?product=samoussas-agneau","title":{"rendered":"Samoussas agneau"},"content":{"rendered":"<p>Samoussas agneau savoureux et parfum\u00e9s, \u00e0 la farce tendre et \u00e9pic\u00e9e, parfaits pour une bouch\u00e9e raffin\u00e9e, g\u00e9n\u00e9reuse et pleine d&#8217;authenticit\u00e9.<\/p>\n","protected":false},"excerpt":{"rendered":"<p>Samoussas agneau savoureux et parfum\u00e9s, \u00e0 la farce tendre et \u00e9pic\u00e9e, parfaits pour une bouch\u00e9e raffin\u00e9e, g\u00e9n\u00e9reuse et pleine d&#8217;authenticit\u00e9.<\/p>\n","protected":false},"featured_media":2806,"comment_status":"open","ping_status":"closed","template":"","meta":[],"product_brand":[],"product_cat":[68],"product_tag":[],"class_list":{"0":"post-2722","1":"product","2":"type-product","3":"status-publish","4":"has-post-thumbnail","6":"product_cat-lm-gajak","8":"first","9":"instock","10":"sale","11":"shipping-taxable","12":"purchasable","13":"product-type-simple"},"_links":{"self":[{"href":"https:\/\/lakazmama.fr\/index.php?rest_route=\/wp\/v2\/product\/2722","targetHints":{"allow":["GET"]}}],"collection":[{"href":"https:\/\/lakazmama.fr\/index.php?rest_route=\/wp\/v2\/product"}],"about":[{"href":"https:\/\/lakazmama.fr\/index.php?rest_route=\/wp\/v2\/types\/product"}],"replies":[{"embeddable":true,"href":"https:\/\/lakazmama.fr\/index.php?rest_route=%2Fwp%2Fv2%2Fcomments&post=2722"}],"wp:featuredmedia":[{"embeddable":true,"href":"https:\/\/lakazmama.fr\/index.php?rest_route=\/wp\/v2\/media\/2806"}],"wp:attachment":[{"href":"https:\/\/lakazmama.fr\/index.php?rest_route=%2Fwp%2Fv2%2Fmedia&parent=2722"}],"wp:term":[{"taxonomy":"product_brand","embeddable":true,"href":"https:\/\/lakazmama.fr\/index.php?rest_route=%2Fwp%2Fv2%2Fproduct_brand&post=2722"},{"taxonomy":"product_cat","embeddable":true,"href":"https:\/\/lakazmama.fr\/index.php?rest_route=%2Fwp%2Fv2%2Fproduct_cat&post=2722"},{"taxonomy":"product_tag","embeddable":true,"href":"https:\/\/lakazmama.fr\/index.php?rest_route=%2Fwp%2Fv2%2Fproduct_tag&post=2722"}],"curies":[{"name":"wp","href":"https:\/\/api.w.org\/{rel}","templated":true}]}}