{"id":2721,"date":"2026-03-31T20:06:42","date_gmt":"2026-03-31T20:06:42","guid":{"rendered":"https:\/\/lakazmama.fr\/?post_type=product&#038;p=2721"},"modified":"2026-04-15T17:56:21","modified_gmt":"2026-04-15T17:56:21","slug":"samoussas-boeuf","status":"publish","type":"product","link":"https:\/\/lakazmama.fr\/?product=samoussas-boeuf","title":{"rendered":"Samoussas Boeuf"},"content":{"rendered":"<p>Samoussas boeuf g\u00e9n\u00e9reux et croustillants, farcis d&#8217;une viande assaisonn\u00e9e avec finesse, id\u00e9als pour une pause sal\u00e9e gourmande et r\u00e9confortante.<\/p>\n","protected":false},"excerpt":{"rendered":"<p>Samoussas boeuf g\u00e9n\u00e9reux et croustillants, farcis d&#8217;une viande assaisonn\u00e9e avec finesse, id\u00e9als pour une pause sal\u00e9e gourmande et r\u00e9confortante.<\/p>\n","protected":false},"featured_media":2807,"comment_status":"open","ping_status":"closed","template":"","meta":[],"product_brand":[],"product_cat":[68],"product_tag":[],"class_list":{"0":"post-2721","1":"product","2":"type-product","3":"status-publish","4":"has-post-thumbnail","6":"product_cat-lm-gajak","8":"first","9":"instock","10":"sale","11":"shipping-taxable","12":"purchasable","13":"product-type-simple"},"_links":{"self":[{"href":"https:\/\/lakazmama.fr\/index.php?rest_route=\/wp\/v2\/product\/2721","targetHints":{"allow":["GET"]}}],"collection":[{"href":"https:\/\/lakazmama.fr\/index.php?rest_route=\/wp\/v2\/product"}],"about":[{"href":"https:\/\/lakazmama.fr\/index.php?rest_route=\/wp\/v2\/types\/product"}],"replies":[{"embeddable":true,"href":"https:\/\/lakazmama.fr\/index.php?rest_route=%2Fwp%2Fv2%2Fcomments&post=2721"}],"wp:featuredmedia":[{"embeddable":true,"href":"https:\/\/lakazmama.fr\/index.php?rest_route=\/wp\/v2\/media\/2807"}],"wp:attachment":[{"href":"https:\/\/lakazmama.fr\/index.php?rest_route=%2Fwp%2Fv2%2Fmedia&parent=2721"}],"wp:term":[{"taxonomy":"product_brand","embeddable":true,"href":"https:\/\/lakazmama.fr\/index.php?rest_route=%2Fwp%2Fv2%2Fproduct_brand&post=2721"},{"taxonomy":"product_cat","embeddable":true,"href":"https:\/\/lakazmama.fr\/index.php?rest_route=%2Fwp%2Fv2%2Fproduct_cat&post=2721"},{"taxonomy":"product_tag","embeddable":true,"href":"https:\/\/lakazmama.fr\/index.php?rest_route=%2Fwp%2Fv2%2Fproduct_tag&post=2721"}],"curies":[{"name":"wp","href":"https:\/\/api.w.org\/{rel}","templated":true}]}}