{"id":2720,"date":"2026-03-31T20:06:42","date_gmt":"2026-03-31T20:06:42","guid":{"rendered":"https:\/\/lakazmama.fr\/?post_type=product&#038;p=2720"},"modified":"2026-04-15T17:56:21","modified_gmt":"2026-04-15T17:56:21","slug":"samoussas-legumes","status":"publish","type":"product","link":"https:\/\/lakazmama.fr\/?product=samoussas-legumes","title":{"rendered":"Samoussas L\u00e9gumes"},"content":{"rendered":"<p>Samoussas l\u00e9gumes croustillants et parfum\u00e9s, garnis d&#8217;un m\u00e9lange fondant de l\u00e9gumes \u00e9pic\u00e9s, parfaits pour une option v\u00e9g\u00e9tarienne savoureuse et l\u00e9g\u00e8re.<\/p>\n","protected":false},"excerpt":{"rendered":"<p>Samoussas l\u00e9gumes croustillants et parfum\u00e9s, garnis d&#8217;un m\u00e9lange fondant de l\u00e9gumes \u00e9pic\u00e9s, parfaits pour une option v\u00e9g\u00e9tarienne savoureuse et l\u00e9g\u00e8re.<\/p>\n","protected":false},"featured_media":2795,"comment_status":"open","ping_status":"closed","template":"","meta":[],"product_brand":[],"product_cat":[68],"product_tag":[],"class_list":{"0":"post-2720","1":"product","2":"type-product","3":"status-publish","4":"has-post-thumbnail","6":"product_cat-lm-gajak","8":"first","9":"instock","10":"sale","11":"shipping-taxable","12":"purchasable","13":"product-type-simple"},"_links":{"self":[{"href":"https:\/\/lakazmama.fr\/index.php?rest_route=\/wp\/v2\/product\/2720","targetHints":{"allow":["GET"]}}],"collection":[{"href":"https:\/\/lakazmama.fr\/index.php?rest_route=\/wp\/v2\/product"}],"about":[{"href":"https:\/\/lakazmama.fr\/index.php?rest_route=\/wp\/v2\/types\/product"}],"replies":[{"embeddable":true,"href":"https:\/\/lakazmama.fr\/index.php?rest_route=%2Fwp%2Fv2%2Fcomments&post=2720"}],"wp:featuredmedia":[{"embeddable":true,"href":"https:\/\/lakazmama.fr\/index.php?rest_route=\/wp\/v2\/media\/2795"}],"wp:attachment":[{"href":"https:\/\/lakazmama.fr\/index.php?rest_route=%2Fwp%2Fv2%2Fmedia&parent=2720"}],"wp:term":[{"taxonomy":"product_brand","embeddable":true,"href":"https:\/\/lakazmama.fr\/index.php?rest_route=%2Fwp%2Fv2%2Fproduct_brand&post=2720"},{"taxonomy":"product_cat","embeddable":true,"href":"https:\/\/lakazmama.fr\/index.php?rest_route=%2Fwp%2Fv2%2Fproduct_cat&post=2720"},{"taxonomy":"product_tag","embeddable":true,"href":"https:\/\/lakazmama.fr\/index.php?rest_route=%2Fwp%2Fv2%2Fproduct_tag&post=2720"}],"curies":[{"name":"wp","href":"https:\/\/api.w.org\/{rel}","templated":true}]}}