{"id":2697,"date":"2026-03-31T20:06:30","date_gmt":"2026-03-31T20:06:30","guid":{"rendered":"https:\/\/lakazmama.fr\/?post_type=product&#038;p=2697"},"modified":"2026-04-15T17:56:18","modified_gmt":"2026-04-15T17:56:18","slug":"ananas","status":"publish","type":"product","link":"https:\/\/lakazmama.fr\/?product=ananas","title":{"rendered":"Ananas"},"content":{"rendered":"<p>Ananas frais et juteux, \u00e0 la saveur sucr\u00e9e et acidul\u00e9e, parfait pour une pause exotique, rafra\u00eechissante, vitamin\u00e9e et pleine de go\u00fbt \u00e0 savourer partout.<\/p>\n","protected":false},"excerpt":{"rendered":"<p>Ananas frais et juteux, \u00e0 la saveur sucr\u00e9e et acidul\u00e9e, parfait pour une pause exotique, rafra\u00eechissante, vitamin\u00e9e et pleine de go\u00fbt \u00e0 savourer partout.<\/p>\n","protected":false},"featured_media":2273,"comment_status":"open","ping_status":"closed","template":"","meta":[],"product_brand":[],"product_cat":[67],"product_tag":[],"class_list":{"0":"post-2697","1":"product","2":"type-product","3":"status-publish","4":"has-post-thumbnail","6":"product_cat-lm-fruits","8":"first","9":"instock","10":"sale","11":"shipping-taxable","12":"purchasable","13":"product-type-simple"},"_links":{"self":[{"href":"https:\/\/lakazmama.fr\/index.php?rest_route=\/wp\/v2\/product\/2697","targetHints":{"allow":["GET"]}}],"collection":[{"href":"https:\/\/lakazmama.fr\/index.php?rest_route=\/wp\/v2\/product"}],"about":[{"href":"https:\/\/lakazmama.fr\/index.php?rest_route=\/wp\/v2\/types\/product"}],"replies":[{"embeddable":true,"href":"https:\/\/lakazmama.fr\/index.php?rest_route=%2Fwp%2Fv2%2Fcomments&post=2697"}],"wp:featuredmedia":[{"embeddable":true,"href":"https:\/\/lakazmama.fr\/index.php?rest_route=\/wp\/v2\/media\/2273"}],"wp:attachment":[{"href":"https:\/\/lakazmama.fr\/index.php?rest_route=%2Fwp%2Fv2%2Fmedia&parent=2697"}],"wp:term":[{"taxonomy":"product_brand","embeddable":true,"href":"https:\/\/lakazmama.fr\/index.php?rest_route=%2Fwp%2Fv2%2Fproduct_brand&post=2697"},{"taxonomy":"product_cat","embeddable":true,"href":"https:\/\/lakazmama.fr\/index.php?rest_route=%2Fwp%2Fv2%2Fproduct_cat&post=2697"},{"taxonomy":"product_tag","embeddable":true,"href":"https:\/\/lakazmama.fr\/index.php?rest_route=%2Fwp%2Fv2%2Fproduct_tag&post=2697"}],"curies":[{"name":"wp","href":"https:\/\/api.w.org\/{rel}","templated":true}]}}