{"id":2695,"date":"2026-03-31T20:06:29","date_gmt":"2026-03-31T20:06:29","guid":{"rendered":"https:\/\/lakazmama.fr\/?post_type=product&#038;p=2695"},"modified":"2026-04-15T17:56:18","modified_gmt":"2026-04-15T17:56:18","slug":"mangue","status":"publish","type":"product","link":"https:\/\/lakazmama.fr\/?product=mangue","title":{"rendered":"Mangue"},"content":{"rendered":"<p>Mangue fondante et g\u00e9n\u00e9reuse, au go\u00fbt sucr\u00e9 et ensoleill\u00e9, parfaite pour une pause exotique, gourmande, rafra\u00eechissante, vitamin\u00e9e et d\u00e9licieusement inoubliable \u00e0 savourer seule ou dessert.<\/p>\n","protected":false},"excerpt":{"rendered":"<p>Mangue fondante et g\u00e9n\u00e9reuse, au go\u00fbt sucr\u00e9 et ensoleill\u00e9, parfaite pour une pause exotique, gourmande, rafra\u00eechissante, vitamin\u00e9e et d\u00e9licieusement inoubliable \u00e0 savourer seule ou dessert.<\/p>\n","protected":false},"featured_media":2269,"comment_status":"open","ping_status":"closed","template":"","meta":[],"product_brand":[],"product_cat":[67],"product_tag":[],"class_list":{"0":"post-2695","1":"product","2":"type-product","3":"status-publish","4":"has-post-thumbnail","6":"product_cat-lm-fruits","8":"first","9":"instock","10":"sale","11":"shipping-taxable","12":"purchasable","13":"product-type-simple"},"_links":{"self":[{"href":"https:\/\/lakazmama.fr\/index.php?rest_route=\/wp\/v2\/product\/2695","targetHints":{"allow":["GET"]}}],"collection":[{"href":"https:\/\/lakazmama.fr\/index.php?rest_route=\/wp\/v2\/product"}],"about":[{"href":"https:\/\/lakazmama.fr\/index.php?rest_route=\/wp\/v2\/types\/product"}],"replies":[{"embeddable":true,"href":"https:\/\/lakazmama.fr\/index.php?rest_route=%2Fwp%2Fv2%2Fcomments&post=2695"}],"wp:featuredmedia":[{"embeddable":true,"href":"https:\/\/lakazmama.fr\/index.php?rest_route=\/wp\/v2\/media\/2269"}],"wp:attachment":[{"href":"https:\/\/lakazmama.fr\/index.php?rest_route=%2Fwp%2Fv2%2Fmedia&parent=2695"}],"wp:term":[{"taxonomy":"product_brand","embeddable":true,"href":"https:\/\/lakazmama.fr\/index.php?rest_route=%2Fwp%2Fv2%2Fproduct_brand&post=2695"},{"taxonomy":"product_cat","embeddable":true,"href":"https:\/\/lakazmama.fr\/index.php?rest_route=%2Fwp%2Fv2%2Fproduct_cat&post=2695"},{"taxonomy":"product_tag","embeddable":true,"href":"https:\/\/lakazmama.fr\/index.php?rest_route=%2Fwp%2Fv2%2Fproduct_tag&post=2695"}],"curies":[{"name":"wp","href":"https:\/\/api.w.org\/{rel}","templated":true}]}}